


{"id":6749,"date":"2018-02-03T18:09:38","date_gmt":"2018-02-03T18:09:38","guid":{"rendered":"https:\/\/polititzacionsdelmalestar.org\/?page_id=6749"},"modified":"2018-02-06T19:04:34","modified_gmt":"2018-02-06T19:04:34","slug":"temes","status":"publish","type":"page","link":"https:\/\/polititzacionsdelmalestar.org\/es\/temes\/","title":{"rendered":"Temas"},"content":{"rendered":"<div id=\"pl-6749\"  class=\"panel-layout\" ><div id=\"pg-6749-0\"  class=\"panel-grid panel-no-style\" ><div id=\"pgc-6749-0-0\"  class=\"panel-grid-cell\" ><div id=\"panel-6749-0-0-0\" class=\"so-panel widget widget_sow-editor panel-first-child panel-last-child\" data-index=\"0\" ><div\n\t\t\t\n\t\t\tclass=\"so-widget-sow-editor so-widget-sow-editor-base\"\n\t\t\t\n\t\t><h3 class=\"widget-title\">Temas<\/h3>\n<div class=\"siteorigin-widget-tinymce textwidget\">\n\t<div class=\"siteorigin-widget-tinymce textwidget\">\n<ul>\n<li>\n<h5><a href=\"https:\/\/polititzacionsdelmalestar.org\/temes\/activismo\/?lang=es\">Activismo<\/a><\/h5>\n<\/li>\n<li>\n<h5><a href=\"https:\/\/polititzacionsdelmalestar.org\/temes\/art-public\/?lang=es\">Arte P\u00fablico<\/a><\/h5>\n<\/li>\n<li>\n<h5><a href=\"https:\/\/polititzacionsdelmalestar.org\/temes\/comunicacio\/?lang=es\">Comunicaci\u00f3n<\/a><\/h5>\n<\/li>\n<li>\n<h5><a href=\"https:\/\/polititzacionsdelmalestar.org\/temes\/cos\/?lang=es\">Cuerpo<\/a><\/h5>\n<\/li>\n<li>\n<h5><a href=\"https:\/\/polititzacionsdelmalestar.org\/temes\/cura\/?lang=es\">Cuidado<\/a><\/h5>\n<\/li>\n<li>\n<h5><a href=\"https:\/\/polititzacionsdelmalestar.org\/temes\/espai-public\/?lang=es\">Espacio P\u00fablico<\/a><\/h5>\n<\/li>\n<li>\n<h5><a href=\"https:\/\/polititzacionsdelmalestar.org\/temes\/familia\/?lang=es\">Familia<\/a><\/h5>\n<\/li>\n<li>\n<h5><a href=\"https:\/\/polititzacionsdelmalestar.org\/temes\/genere\/?lang=es\">G\u00e9nero<\/a><\/h5>\n<\/li>\n<li>\n<h5><a href=\"https:\/\/polititzacionsdelmalestar.org\/temes\/identitat\/?lang=es\">Identidad<\/a><\/h5>\n<\/li>\n<li>\n<h5><a href=\"https:\/\/polititzacionsdelmalestar.org\/temes\/malestar\/?lang=es\">Malestar<\/a><\/h5>\n<\/li>\n<li>\n<h5><a href=\"https:\/\/polititzacionsdelmalestar.org\/temes\/medicalitzacio\/?lang=es\">Medicalizaci\u00f3n<\/a><\/h5>\n<\/li>\n<li>\n<h5><a href=\"https:\/\/polititzacionsdelmalestar.org\/temes\/memoria\/?lang=es\">Memoria<\/a><\/h5>\n<\/li>\n<li>\n<h5><a href=\"https:\/\/polititzacionsdelmalestar.org\/temes\/migracio\/?lang=es\">Migraci\u00f3<\/a><\/h5>\n<\/li>\n<li>\n<h5><a href=\"https:\/\/polititzacionsdelmalestar.org\/temes\/natura\/?lang=es\">Naturaleza<\/a><\/h5>\n<\/li>\n<li>\n<h5><a href=\"https:\/\/polititzacionsdelmalestar.org\/temes\/natura\/?lang=es\">Performance<\/a><\/h5>\n<\/li>\n<li>\n<h5><a href=\"https:\/\/polititzacionsdelmalestar.org\/temes\/politica\/?lang=es\">Pol\u00edtica<\/a><\/h5>\n<\/li>\n<li>\n<h5><a href=\"https:\/\/polititzacionsdelmalestar.org\/temes\/privacitat\/?lang=es\">Privacitat<\/a><\/h5>\n<\/li>\n<li>\n<h5><a href=\"https:\/\/polititzacionsdelmalestar.org\/temes\/processos-collaboratius\/?lang=es\">Procesos colaborativos<\/a><\/h5>\n<\/li>\n<li>\n<h5><a href=\"https:\/\/polititzacionsdelmalestar.org\/temes\/violencia\/?lang=es\">Violencia<\/a><\/h5>\n<\/li>\n<\/ul>\n<\/div>\n<\/div>\n<\/div><\/div><\/div><\/div><\/div>","protected":false},"excerpt":{"rendered":"<p>Activismo Arte P\u00fablico Comunicaci\u00f3n Cuerpo Cuidado Espacio P\u00fablico Familia G\u00e9nero Identidad Malestar Medicalizaci\u00f3n Memoria Migraci\u00f3 Naturaleza Performance Pol\u00edtica Privacitat Procesos colaborativos Violencia<\/p>\n","protected":false},"author":6,"featured_media":0,"parent":0,"menu_order":0,"comment_status":"closed","ping_status":"closed","template":"page-sidebar.php","meta":{"footnotes":""},"class_list":["post-6749","page","type-page","status-publish","hentry"],"_links":{"self":[{"href":"https:\/\/polititzacionsdelmalestar.org\/es\/wp-json\/wp\/v2\/pages\/6749","targetHints":{"allow":["GET"]}}],"collection":[{"href":"https:\/\/polititzacionsdelmalestar.org\/es\/wp-json\/wp\/v2\/pages"}],"about":[{"href":"https:\/\/polititzacionsdelmalestar.org\/es\/wp-json\/wp\/v2\/types\/page"}],"author":[{"embeddable":true,"href":"https:\/\/polititzacionsdelmalestar.org\/es\/wp-json\/wp\/v2\/users\/6"}],"replies":[{"embeddable":true,"href":"https:\/\/polititzacionsdelmalestar.org\/es\/wp-json\/wp\/v2\/comments?post=6749"}],"version-history":[{"count":9,"href":"https:\/\/polititzacionsdelmalestar.org\/es\/wp-json\/wp\/v2\/pages\/6749\/revisions"}],"predecessor-version":[{"id":7336,"href":"https:\/\/polititzacionsdelmalestar.org\/es\/wp-json\/wp\/v2\/pages\/6749\/revisions\/7336"}],"wp:attachment":[{"href":"https:\/\/polititzacionsdelmalestar.org\/es\/wp-json\/wp\/v2\/media?parent=6749"}],"curies":[{"name":"wp","href":"https:\/\/api.w.org\/{rel}","templated":true}]}}