


{"id":3881,"date":"2017-11-28T17:08:27","date_gmt":"2017-11-28T17:08:27","guid":{"rendered":"https:\/\/polititzacionsdelmalestar.org\/textos\/"},"modified":"2018-01-29T17:38:54","modified_gmt":"2018-01-29T17:38:54","slug":"textos","status":"publish","type":"page","link":"https:\/\/polititzacionsdelmalestar.org\/es\/textos\/","title":{"rendered":"Textos"},"content":{"rendered":"<div id=\"pl-3881\"  class=\"panel-layout\" ><div id=\"pg-3881-0\"  class=\"panel-grid panel-no-style\" ><div id=\"pgc-3881-0-0\"  class=\"panel-grid-cell\" ><div id=\"panel-3881-0-0-0\" class=\"so-panel widget widget_sow-editor panel-first-child panel-last-child\" data-index=\"0\" ><div\n\t\t\t\n\t\t\tclass=\"so-widget-sow-editor so-widget-sow-editor-base\"\n\t\t\t\n\t\t><h3 class=\"widget-title\">Textos<\/h3>\n<div class=\"siteorigin-widget-tinymce textwidget\">\n\t<p>Los siguientes art\u00edculos forman parte de la publicaci\u00f3n <em>Politizaciones del malestar. Derecho a la angustia. El arte y los procesos creativos como instrumento para canalizar el malestar<\/em> (<a href=\"http:\/\/www.raigverdeditorial.cat\/cataleg\/polititzacions-del-malestar\/\">enlace a la publicaci\u00f3n<\/a>) que recoge proyectos art\u00edsticos, curatoriales, entrevistas y reflexiones cr\u00edticas desde el \u00e1mbito del pensamiento, el activismo y la historia del arte.<\/p>\n<p class=\"siteorigin-widget-tinymce textwidget\">El crecimiento de las derechas populistas, la necesidad o dependencia de las redes sociales, la vigilancia permanente \u00abpor su seguridad\u00bb o el estado del bienestar como aspiraci\u00f3n \u2015para generar riqueza, no para repartirla\u2014 son algunos de los temas de los que parte Politizaciones del malestar para entrever como se politiza el desasosiego o la angustia. De este modo, se combaten las promesas inabarcables de libertad, prosperidad y felicidad en contraste con el tratamiento de los estados de \u00e1nimo que no se aceptan socialmente: tristeza, rabia, asco, c\u00f3lera, histeria; con la medicaci\u00f3n como \u00fanica alternativa.<\/p>\n<p class=\"siteorigin-widget-tinymce textwidget\">La publicaci\u00f3n propone una aproximaci\u00f3n a diferentes proyectos y acciones de los artistas Rufino Mesa, Enmedio, Virginia G. del Pino, Ulla Blanca Lima y Nora Ancarola. Se completa con las aportaciones en forma de art\u00edculos y entrevistas de Amador Fern\u00e1ndez-Savater, Espai en Blanc, BAR Project, Mart\u00ed Peran, Alfonso Levy, Laura Mercader, Manuel Delgado, Pere Salabert, Joan M. Minguet, Elsa Plaza y Tania Alba \u2014que analiza once proyectos art\u00edsticos m\u00e1s\u2014 con el fin de exponer y compartir la gesti\u00f3n del desasosiego, de la vulnerabilidad, siendo esencial en todos ellos el proceso, el compromiso y una dimensi\u00f3n colaborativa.<\/p>\n<\/div>\n<\/div><\/div><\/div><div id=\"pgc-3881-0-1\"  class=\"panel-grid-cell\" ><div id=\"panel-3881-0-1-0\" class=\"so-panel widget widget_virtue_gallery_widget virtue_gallery_widget panel-first-child panel-last-child\" data-index=\"1\" ><div id=\"kad-wp-gallery939\" class=\"kad-wp-gallery gallery kt-gallery-column-1 init-isotope-intrinsic reinit-isotope kad-light-wp-gallery clearfix rowtight\" data-fade-in=\"1\" data-iso-selector=\".g_item\" data-iso-style=\"masonry\" data-iso-filter=\"false\"><div class=\"tcol-lg-12 tcol-md-12 tcol-sm-12 tcol-xs-12 tcol-ss-12 g_item\"><div class=\"grid_item kt_item_fade_in kad_gallery_fade_in gallery_item\"><a href=\"https:\/\/polititzacionsdelmalestar.org\/wp-content\/uploads\/2017\/12\/Foto1_presentaci\u00f3.jpg\" data-rel=\"lightbox\" class=\"lightboxhover\"><div class=\"kt-intrinsic\" style=\"padding-bottom:100%;\"><div itemprop=\"image\" itemscope itemtype=\"https:\/\/schema.org\/ImageObject\"><img loading=\"lazy\" decoding=\"async\" width=\"560\" height=\"560\" src=\"https:\/\/polititzacionsdelmalestar.org\/wp-content\/uploads\/2017\/12\/Foto1_presentaci\u00f3-560x560.jpg\" srcset=\"https:\/\/polititzacionsdelmalestar.org\/wp-content\/uploads\/2017\/12\/Foto1_presentaci\u00f3-560x560.jpg 560w, https:\/\/polititzacionsdelmalestar.org\/wp-content\/uploads\/2017\/12\/Foto1_presentaci\u00f3-150x150.jpg 150w, https:\/\/polititzacionsdelmalestar.org\/wp-content\/uploads\/2017\/12\/Foto1_presentaci\u00f3-1120x1120.jpg 1120w\" sizes=\"auto, (max-width: 560px) 100vw, 560px\" data-caption=\"Jornada Polititzacions del malestar, 18 de gener del 2017.\" class=\"light-dropshaddow\" itemprop=\"contentUrl\" alt=\"\"><meta itemprop=\"url\" content=\"https:\/\/polititzacionsdelmalestar.org\/wp-content\/uploads\/2017\/12\/Foto1_presentaci\u00f3-560x560.jpg\"><meta itemprop=\"width\" content=\"560px\"><meta itemprop=\"height\" content=\"560px\"><\/div><\/div><div class=\"caption kad_caption\"><div class=\"kad_caption_inner\">Jornada Polititzacions del malestar, 18 de gener del 2017.<\/div><\/div><\/a><\/div><\/div><div class=\"tcol-lg-12 tcol-md-12 tcol-sm-12 tcol-xs-12 tcol-ss-12 g_item\"><div class=\"grid_item kt_item_fade_in kad_gallery_fade_in gallery_item\"><a href=\"https:\/\/polititzacionsdelmalestar.org\/wp-content\/uploads\/2017\/12\/Foto2_presentacio.jpg\" data-rel=\"lightbox\" class=\"lightboxhover\"><div class=\"kt-intrinsic\" style=\"padding-bottom:100%;\"><div itemprop=\"image\" itemscope itemtype=\"https:\/\/schema.org\/ImageObject\"><img loading=\"lazy\" decoding=\"async\" width=\"560\" height=\"560\" src=\"https:\/\/polititzacionsdelmalestar.org\/wp-content\/uploads\/2017\/12\/Foto2_presentacio-560x560.jpg\" srcset=\"https:\/\/polititzacionsdelmalestar.org\/wp-content\/uploads\/2017\/12\/Foto2_presentacio-560x560.jpg 560w, https:\/\/polititzacionsdelmalestar.org\/wp-content\/uploads\/2017\/12\/Foto2_presentacio-150x150.jpg 150w\" sizes=\"auto, (max-width: 560px) 100vw, 560px\" data-caption=\"Presentaci\u00f3 de l&#039;exposici\u00f3 Polititzacions del malestar, 18 octubre del 2017, Arts Santa M\u00f2nica.\" class=\"light-dropshaddow\" itemprop=\"contentUrl\" alt=\"\"><meta itemprop=\"url\" content=\"https:\/\/polititzacionsdelmalestar.org\/wp-content\/uploads\/2017\/12\/Foto2_presentacio-560x560.jpg\"><meta itemprop=\"width\" content=\"560px\"><meta itemprop=\"height\" content=\"560px\"><\/div><\/div><div class=\"caption kad_caption\"><div class=\"kad_caption_inner\">Presentaci\u00f3 de l&#8217;exposici\u00f3 Polititzacions del malestar, 18 octubre del 2017, Arts Santa M\u00f2nica.<\/div><\/div><\/a><\/div><\/div><\/div><\/div><\/div><\/div><\/div>","protected":false},"excerpt":{"rendered":"<p>Los siguientes art\u00edculos forman parte de la publicaci\u00f3n Politizaciones del malestar. Derecho a la angustia. El arte y los procesos creativos como instrumento para canalizar el malestar (enlace a la publicaci\u00f3n) que recoge proyectos art\u00edsticos, curatoriales, &hellip; <a class=\"kt-excerpt-readmore\" href=\"https:\/\/polititzacionsdelmalestar.org\/es\/textos\/\" aria-label=\"Textos\">Leer m&aacute;s<\/a><\/p>\n","protected":false},"author":6,"featured_media":0,"parent":0,"menu_order":0,"comment_status":"closed","ping_status":"closed","template":"page-sidebar.php","meta":{"footnotes":""},"class_list":["post-3881","page","type-page","status-publish","hentry"],"_links":{"self":[{"href":"https:\/\/polititzacionsdelmalestar.org\/es\/wp-json\/wp\/v2\/pages\/3881","targetHints":{"allow":["GET"]}}],"collection":[{"href":"https:\/\/polititzacionsdelmalestar.org\/es\/wp-json\/wp\/v2\/pages"}],"about":[{"href":"https:\/\/polititzacionsdelmalestar.org\/es\/wp-json\/wp\/v2\/types\/page"}],"author":[{"embeddable":true,"href":"https:\/\/polititzacionsdelmalestar.org\/es\/wp-json\/wp\/v2\/users\/6"}],"replies":[{"embeddable":true,"href":"https:\/\/polititzacionsdelmalestar.org\/es\/wp-json\/wp\/v2\/comments?post=3881"}],"version-history":[{"count":6,"href":"https:\/\/polititzacionsdelmalestar.org\/es\/wp-json\/wp\/v2\/pages\/3881\/revisions"}],"predecessor-version":[{"id":3887,"href":"https:\/\/polititzacionsdelmalestar.org\/es\/wp-json\/wp\/v2\/pages\/3881\/revisions\/3887"}],"wp:attachment":[{"href":"https:\/\/polititzacionsdelmalestar.org\/es\/wp-json\/wp\/v2\/media?parent=3881"}],"curies":[{"name":"wp","href":"https:\/\/api.w.org\/{rel}","templated":true}]}}