


{"id":3738,"date":"2017-11-22T10:18:40","date_gmt":"2017-11-22T10:18:40","guid":{"rendered":"https:\/\/polititzacionsdelmalestar.org\/presentacio\/"},"modified":"2025-01-08T14:20:19","modified_gmt":"2025-01-08T14:20:19","slug":"presentacio","status":"publish","type":"page","link":"https:\/\/polititzacionsdelmalestar.org\/es\/presentacio\/","title":{"rendered":"Presentaci\u00f3n"},"content":{"rendered":"<div id=\"pl-3738\"  class=\"panel-layout\" ><div id=\"pg-3738-0\"  class=\"panel-grid panel-no-style\" ><div id=\"pgc-3738-0-0\"  class=\"panel-grid-cell\" ><div id=\"panel-3738-0-0-0\" class=\"so-panel widget widget_sow-editor panel-first-child panel-last-child\" data-index=\"0\" ><div\n\t\t\t\n\t\t\tclass=\"so-widget-sow-editor so-widget-sow-editor-base\"\n\t\t\t\n\t\t><h3 class=\"widget-title\">Presentaci\u00f3n<\/h3>\n<div class=\"siteorigin-widget-tinymce textwidget\">\n\t<p><strong>Politizaciones del malestar<\/strong> parte de la voluntad de profundizar en otras maneras de gestionar el malestar desde los procesos creativos configurando un itinerario articulado por varias experiencias que perfilan el malestar a partir de su dimensi\u00f3n pol\u00edtica, colectiva, devolviendo a la sociedad lo que \u00e9sta invisibiliza.<\/p>\n<p>Como respuesta a esta progresiva \u201calienaci\u00f3n\u201d, que se articula desde las instituciones hegem\u00f3nicas, el arte puede transformarse en una v\u00eda para buscar otras maneras de relacionarse con el malestar, para asumir un rol activo y responsable hacia la propia realidad. Estos procesos creativos para gestionar la inquietud, trabajados mediante una dimensi\u00f3n individual y colectiva, participativa y pol\u00edtica, muestran como el arte puede devenir un instrumento para canalizar los conflictos. La relaci\u00f3n entre lo \u00edntimo y lo p\u00fablico, vinculado al principio \u00ablo personal es pol\u00edtico\u00bb y a \u00abla \u00e9tica del cuidado\u00bb, conecta con la creaci\u00f3n de \u00abotras maneras\u00bb de gestionar y politizar los malestares desde la creaci\u00f3n, potenciando as\u00ed un pensamiento cr\u00edtico.\u00a0<\/p>\n<p>En estas \u00faltimas d\u00e9cadas, dentro del territorio catal\u00e1n, numerosos creadores, curadores e investigadores, han profundizado en la creaci\u00f3n entendida como un instrumento para la mediaci\u00f3n, la articulaci\u00f3n social y tambi\u00e9n como herramienta para dar forma y enfocar varias problem\u00e1ticas. <strong>El presente archivo digital recoge proyectos art\u00edsticos que reflexionan sobre la gesti\u00f3n de los malestares y, a la vez, aglutina las actividades desarrolladas dentro del proyecto Politizaciones del malestar<\/strong>. El archivo digital se concibe como una base de datos \u2013abierta a nuevas incorporacions de autores y proyectos- de utilidad para historiadores, artistas, investigadores y comisarios.<\/p>\n<p>\u00a0<\/p>\n<h4>Antecedentes del archivo web Polititzaciones del malestar<br \/> Introducci\u00f3n al proyecto Politizaciones del malestar (2017)<\/h4>\n<p>Por <a href=\"https:\/\/polititzacionsdelmalestar.org\/qui-som\/?lang=es\">Nora Ancarola<\/a>, <a href=\"https:\/\/polititzacionsdelmalestar.org\/qui-som\/?lang=es\">Daniel Gasol<\/a> y <a href=\"https:\/\/polititzacionsdelmalestar.org\/qui-som\/?lang=es\">Laia Manonelles Moner<\/a><\/p>\n<p style=\"text-align: right;\"><em>La honestidad con lo real no se define por sus temas, por sus procesos<br \/> <\/em><em>ni por sus lugares, sino por la fuerza de su implicaci\u00f3n y sus anhelos.<span title=\"Garc\u00e9s, Marina. Un mundo com\u00fan. Segunda parte: La politizaci\u00f3n del arte. Edicions Bellaterra, Barcelona, 2013, p. 68.)\">(*1)<\/span><br \/> <\/em><\/p>\n<p>Griselda Pollock, en su trabajo Trauma y memoria cultural: cultura y cat\u00e1strofe en el siglo xx, <span title=\"Griselda Pollock imparti\u00f3 el curso con el mismo nombre en el Centro de Documentaci\u00f3n y Estudios Avanzados de Arte Contempor\u00e1neo (CENDEAC) de Murcia en el a\u00f1o 2004.\">(*2)<\/span> ya nos alertaba de los peligros de los trabajos que reflexionan sobre los grandes conflictos sin generar un espacio donde la transformaci\u00f3n y la gesti\u00f3n del dolor sea posible. Es en este texto y en otros m\u00e1s recientes <span title=\"\u00abGriselda Pollock: los artistas con sus trabajos \u00e9tico-creativos son muy importantes para la historia\u00bb. ABC Cultural (24 de julio de 2004)\">(*3)<\/span> en que la autora se\u00f1ala a los artistas y los procesos creativos como \u00abejemplares\u00bb en cuanto a la posibilidad de generar s\u00edmbolos que permitan la liberaci\u00f3n del significado y que generen un verdadero camino hacia la transformaci\u00f3n.<\/p>\n<p>Politizaciones del malestar est\u00e1 concebido tambi\u00e9n como un proyecto interdisciplinario que reflexiona sobre la gesti\u00f3n del desasosiego a partir de varias perspectivas. En la sociedad actual el malestar se trata, principalmente, desde la psiquiatr\u00eda y la psicolog\u00eda conductista, que aumentan la medicalizaci\u00f3n de las desazones, de las preocupaciones, y propician una gesti\u00f3n pasiva. Ante esta progresiva alienaci\u00f3n, que se articula desde las instituciones hegem\u00f3nicas, encontramos que en el arte acontece una v\u00eda efectiva para buscar otras maneras de relacionarse con la inquietud, para asumir un rol activo y responsable hacia la propia realidad.<\/p>\n<p>La consigna \"lo personal es pol\u00edtico\" de Carol Hanish \u2014en las manifestaciones feministas de Nueva York de los a\u00f1os sesenta\u2014 deriva en textos anal\u00edticos como el inspirador de Carol Gilligan <span title=\"Gilligan es ampliamente conocida por su libro In a different voice.Psychological Theory and Women\u2019s Development \u2014Cambridge, Ma.: Harvard University Press, 1982\u2014, entre otros.\">(*4)<\/span> donde la \u00ab\u00e9tica del cuidado\u00bb llega a nuestros d\u00edas a trav\u00e9s de voces como la de Joan Tronto <span title=\"Tronto, Joan C. \u00abM\u00e1s all\u00e1 de la diferencia de g\u00e9nero. Hacia una teor\u00eda del cuidado\u00bb. A: Signs. Journal of Women in Culture and Society, 1987, vol. 12 \u2014University of Chicago\u2014\">(*5)<\/span> desde la visi\u00f3n antropol\u00f3gica, por lo que hoy podemos hablar de una \u00abest\u00e9tica del cuidado\u00bb, desarrollada desde la clara voluntad de gestionar \u00abdolores\u00bb privados con instrumentos que permitan, a su vez, ser veh\u00edculo de transformaci\u00f3n social.<\/p>\n<p>El proyecto Politizaciones del malestar se articula en tres ejes que profundizan en estas \u00abotras maneras\u00bb de gestionar y politizar el malestar desde los procesos creativos:<br \/> - Debates y jornadas, entendi\u00e9ndolos como instrumento para construir una historiograf\u00eda cultural entorno a los temas que nos ocupan.<br \/> - Acompa\u00f1amiento de proyectos art\u00edsticos que hayan empleado o se propongan emplear la creaci\u00f3n 4 como forma de canalizar el malestar individual y sist\u00e9mico.<br \/> - Visibilizaci\u00f3n de las reflexiones y de los proyectos.<\/p>\n<p>En esta primera etapa del proyecto Politizaciones del malestar hemos podido contar con la complicidad del Arts Santa M\u00f2nica y su director Jaume Reus, con quien hemos dise\u00f1ado un recorrido que nos ha permitido realizar incursiones en los tres ejes de nuestro ideario.<\/p>\n<p>En primer lugar, los debates se originan con unas jornadas abiertas al p\u00fablico, Politizaciones del malestar: procesos creativos y experiencias compartidas, donde pudimos contar con la presencia de dos curadores, Mart\u00ed Peran \u2014\u00abIndisposici\u00f3n general. Ensayo sobre la fatiga\u00bb\u2014 y Anna Manubens \u2014\u00abVisceral Blue\u00bb\u2014, la perspectiva de dos colectivos, Espai en Blanc y BAR project, y el marco filos\u00f3fico de Amador Fern\u00e1ndez- Savater.<\/p>\n<p>En segundo lugar, el proceso de acompa\u00f1amiento de los proyectos de Virginia Garc\u00eda del Pino, Rufino Mesa y el colectivo Enmedio ha sido para nosotros un privilegio y un espacio de conocimientos compartidos. En cuanto a nuestro inter\u00e9s por dar visibilidad a los proyectos en el marco del debate, agradecemos la colaboraci\u00f3n de Rayo Verde Editorial, y en especial a Laura Huerga, por la cuidada publicaci\u00f3n de estos textos, en los que se pretende mostrar un principio del estado de la cuesti\u00f3n de los artistas y colectivos que trabajan en la gesti\u00f3n del malestar, dentro del marco territorial catal\u00e1n.<\/p>\n<p>La primera muestra expositiva en la Sala Max Cahner del Arts Santa M\u00f2nica se desarrollar\u00e1 entre los meses de octubre y diciembre de 2017, con las aportaciones de los proyectos de Francesc Abad, Nora Ancarola y Marga Ximenez, Pep Dardany\u00e0, Dom\u00e8nec, N\u00faria G\u00fcell, Josep-Maria Mart\u00edn, Pilar Mill\u00e1n, Matilde Obradors, Carlos Pina, Mar\u00eda Ruido y Eul\u00e0lia Valldosera. En ella podremos ver un primer di\u00e1logo entre proyectos art\u00edsticos en que, a nuestro entender, se propone una gesti\u00f3n del malestar politizada.<\/p>\n<p>Finalmente nos gustar\u00eda se\u00f1alar y agradecer la colaboraci\u00f3n de otras instituciones que han hecho posible el desarrollo y la expansi\u00f3n del proyecto Politizaciones del malestar: B\u00f2lit de Girona y su directora Carme Sais, que ha facilitado la ampliaci\u00f3n del proyecto de Virginia Garc\u00eda del Pino El que canta su mal espanta; la Universidad Rovira i Virgili de Tarragona, a trav\u00e9s de Albert Macaya, que acogi\u00f3 la obra Fam\u00edlia de Rufino Mesa; y el Centre d\u2019Art Maristany de Sant Cugat, puesto que, a trav\u00e9s de Andreu Dengra y Joana Roda, hemos podido ampliar el taller del colectivo Enmedio y es posible que la exposici\u00f3n de Marga Ximenez \u00abHeter\u00f3nimos: una intersecci\u00f3n de procesos\u00bb pueda abrir un espacio de debate dentro del marco de Politizaciones del malestar.<\/p>\n<p>En un apartado especial, queremos agradecer tambi\u00e9n la colaboraci\u00f3n de Can Many\u00e9, espacio de arte y creaci\u00f3n de Alella, cuya directora Merc\u00e8 Pomer acoger\u00e1 la exposici\u00f3n \u00abOptimizaci\u00f3n combinatoria\u00bb de Ulla Blanca Lima y Nora Ancarola, un proyecto art\u00edstico creado desde un espacio educativo y su prolongaci\u00f3n en el Instituto Alella, donde Xavier Sert y Leticia Rodr\u00edguez realizaron un proyecto de mediaci\u00f3n art\u00edstica. Gracias tambi\u00e9n a la Universidad de Barcelona y al grupo de investigaci\u00f3n Arte, Arquitectura y Sociedad Digital.<\/p>\n<\/div>\n<\/div><\/div><\/div><div id=\"pgc-3738-0-1\"  class=\"panel-grid-cell\" ><div id=\"panel-3738-0-1-0\" class=\"so-panel widget widget_virtue_gallery_widget virtue_gallery_widget panel-first-child panel-last-child\" data-index=\"1\" ><div id=\"kad-wp-gallery285\" class=\"kad-wp-gallery gallery kt-gallery-column-1 init-isotope-intrinsic reinit-isotope kad-light-wp-gallery clearfix rowtight\" data-fade-in=\"1\" data-iso-selector=\".g_item\" data-iso-style=\"masonry\" data-iso-filter=\"false\"><div class=\"tcol-lg-12 tcol-md-12 tcol-sm-12 tcol-xs-12 tcol-ss-12 g_item\"><div class=\"grid_item kt_item_fade_in kad_gallery_fade_in gallery_item\"><a href=\"https:\/\/polititzacionsdelmalestar.org\/wp-content\/uploads\/2017\/12\/Foto1_presentaci\u00f3.jpg\" data-rel=\"lightbox\" class=\"lightboxhover\"><div class=\"kt-intrinsic\" style=\"padding-bottom:100%;\"><div itemprop=\"image\" itemscope itemtype=\"https:\/\/schema.org\/ImageObject\"><img loading=\"lazy\" decoding=\"async\" width=\"560\" height=\"560\" src=\"https:\/\/polititzacionsdelmalestar.org\/wp-content\/uploads\/2017\/12\/Foto1_presentaci\u00f3-560x560.jpg\" srcset=\"https:\/\/polititzacionsdelmalestar.org\/wp-content\/uploads\/2017\/12\/Foto1_presentaci\u00f3-560x560.jpg 560w, https:\/\/polititzacionsdelmalestar.org\/wp-content\/uploads\/2017\/12\/Foto1_presentaci\u00f3-150x150.jpg 150w, https:\/\/polititzacionsdelmalestar.org\/wp-content\/uploads\/2017\/12\/Foto1_presentaci\u00f3-1120x1120.jpg 1120w\" sizes=\"auto, (max-width: 560px) 100vw, 560px\" data-caption=\"Jornada Polititzacions del malestar, 18 de gener del 2017.\" class=\"light-dropshaddow\" itemprop=\"contentUrl\" alt=\"\"><meta itemprop=\"url\" content=\"https:\/\/polititzacionsdelmalestar.org\/wp-content\/uploads\/2017\/12\/Foto1_presentaci\u00f3-560x560.jpg\"><meta itemprop=\"width\" content=\"560px\"><meta itemprop=\"height\" content=\"560px\"><\/div><\/div><div class=\"caption kad_caption\"><div class=\"kad_caption_inner\">Jornada Polititzacions del malestar, 18 de gener del 2017.<\/div><\/div><\/a><\/div><\/div><div class=\"tcol-lg-12 tcol-md-12 tcol-sm-12 tcol-xs-12 tcol-ss-12 g_item\"><div class=\"grid_item kt_item_fade_in kad_gallery_fade_in gallery_item\"><a href=\"https:\/\/polititzacionsdelmalestar.org\/wp-content\/uploads\/2017\/12\/Foto2_presentacio.jpg\" data-rel=\"lightbox\" class=\"lightboxhover\"><div class=\"kt-intrinsic\" style=\"padding-bottom:100%;\"><div itemprop=\"image\" itemscope itemtype=\"https:\/\/schema.org\/ImageObject\"><img loading=\"lazy\" decoding=\"async\" width=\"560\" height=\"560\" src=\"https:\/\/polititzacionsdelmalestar.org\/wp-content\/uploads\/2017\/12\/Foto2_presentacio-560x560.jpg\" srcset=\"https:\/\/polititzacionsdelmalestar.org\/wp-content\/uploads\/2017\/12\/Foto2_presentacio-560x560.jpg 560w, https:\/\/polititzacionsdelmalestar.org\/wp-content\/uploads\/2017\/12\/Foto2_presentacio-150x150.jpg 150w\" sizes=\"auto, (max-width: 560px) 100vw, 560px\" data-caption=\"Presentaci\u00f3 de l&#039;exposici\u00f3 Polititzacions del malestar, 18 octubre del 2017, Arts Santa M\u00f2nica.\" class=\"light-dropshaddow\" itemprop=\"contentUrl\" alt=\"\"><meta itemprop=\"url\" content=\"https:\/\/polititzacionsdelmalestar.org\/wp-content\/uploads\/2017\/12\/Foto2_presentacio-560x560.jpg\"><meta itemprop=\"width\" content=\"560px\"><meta itemprop=\"height\" content=\"560px\"><\/div><\/div><div class=\"caption kad_caption\"><div class=\"kad_caption_inner\">Presentaci\u00f3 de l&#8217;exposici\u00f3 Polititzacions del malestar, 18 octubre del 2017, Arts Santa M\u00f2nica.<\/div><\/div><\/a><\/div><\/div><\/div><\/div><\/div><\/div><\/div>","protected":false},"excerpt":{"rendered":"<p>Politizaciones del malestar parte de la voluntad de profundizar en otras maneras de gestionar el malestar desde los procesos creativos configurando un itinerario articulado por varias experiencias que perfilan el malestar a partir de su dimensi\u00f3n &hellip; <a class=\"kt-excerpt-readmore\" href=\"https:\/\/polititzacionsdelmalestar.org\/es\/presentacio\/\" aria-label=\"Presentaci\u00f3n\">Leer m&aacute;s<\/a><\/p>\n","protected":false},"author":6,"featured_media":0,"parent":0,"menu_order":0,"comment_status":"closed","ping_status":"closed","template":"page-sidebar.php","meta":{"footnotes":""},"class_list":["post-3738","page","type-page","status-publish","hentry"],"_links":{"self":[{"href":"https:\/\/polititzacionsdelmalestar.org\/es\/wp-json\/wp\/v2\/pages\/3738","targetHints":{"allow":["GET"]}}],"collection":[{"href":"https:\/\/polititzacionsdelmalestar.org\/es\/wp-json\/wp\/v2\/pages"}],"about":[{"href":"https:\/\/polititzacionsdelmalestar.org\/es\/wp-json\/wp\/v2\/types\/page"}],"author":[{"embeddable":true,"href":"https:\/\/polititzacionsdelmalestar.org\/es\/wp-json\/wp\/v2\/users\/6"}],"replies":[{"embeddable":true,"href":"https:\/\/polititzacionsdelmalestar.org\/es\/wp-json\/wp\/v2\/comments?post=3738"}],"version-history":[{"count":15,"href":"https:\/\/polititzacionsdelmalestar.org\/es\/wp-json\/wp\/v2\/pages\/3738\/revisions"}],"predecessor-version":[{"id":11683,"href":"https:\/\/polititzacionsdelmalestar.org\/es\/wp-json\/wp\/v2\/pages\/3738\/revisions\/11683"}],"wp:attachment":[{"href":"https:\/\/polititzacionsdelmalestar.org\/es\/wp-json\/wp\/v2\/media?parent=3738"}],"curies":[{"name":"wp","href":"https:\/\/api.w.org\/{rel}","templated":true}]}}