


{"id":3727,"date":"2017-12-11T08:37:46","date_gmt":"2017-12-11T08:37:46","guid":{"rendered":"https:\/\/polititzacionsdelmalestar.org\/normes-d-us\/"},"modified":"2018-02-27T18:08:42","modified_gmt":"2018-02-27T18:08:42","slug":"normes-d-us","status":"publish","type":"page","link":"https:\/\/polititzacionsdelmalestar.org\/es\/normes-d-us\/","title":{"rendered":"Normas de uso"},"content":{"rendered":"<div id=\"pl-3727\"  class=\"panel-layout\" ><div id=\"pg-3727-0\"  class=\"panel-grid panel-no-style\" ><div id=\"pgc-3727-0-0\"  class=\"panel-grid-cell\" ><div id=\"panel-3727-0-0-0\" class=\"so-panel widget widget_sow-editor panel-first-child panel-last-child\" data-index=\"0\" ><div\n\t\t\t\n\t\t\tclass=\"so-widget-sow-editor so-widget-sow-editor-base\"\n\t\t\t\n\t\t><h3 class=\"widget-title\">Normas de uso<\/h3>\n<div class=\"siteorigin-widget-tinymce textwidget\">\n\t<p><strong>Derechos de uso de los contenidos<\/strong><\/p>\n<p>Polititzacions del Malestar es un proyecto original de Nora Ancarola, Laia Manonelles y Daniel Gasol.<\/p>\n<p>Barcelona 2016\/2017\/2018<\/p>\n<p>\u00a9 De los textos, los\/las autores\/ as<\/p>\n<p>\u00a9 De las obras, los\/las artistas<\/p>\n<p>\u00a9 De las im\u00e1genes, los\/las autores\/as<\/p>\n<p>Todas las im\u00e1genes que aparecen son propiedad de los\/las autores\/as de los proyectos correspondientes<\/p>\n<p>El dominio p\u00fablico queda restringido bajo el permiso de los autores de los trabajos que contiene esta web as\u00ed como de los autores del proyecto.<\/p>\n<p>Este sitio web y todos sus contenidos, incluyendo los textos, im\u00e1genes, sonido y cualquier otro material, son propiedad del Arts Santa M\u00f3nica, Polititzacions del Malestar o de terceros que hayan autorizado el uso de estos contenidos a la Arts Santa M\u00f3nica.<\/p>\n<p>Todos los derechos est\u00e1n reservados.<\/p>\n<p>Para cualquier solicitud escribir a: <a href=\"mailto:info@polititzacionsdelmalestar.org\">info@polititzacionsdelmalestar.org<\/a><\/p>\n<p>Todo acceso a este sitio web est\u00e1 sujeto a las siguientes condiciones:<br \/>\nS\u00f3lo est\u00e1 autorizado el uso personal no comercial. No est\u00e1 permitida la modificaci\u00f3n del web ni de sus contenidos.<br \/>\nEl Arts Santa M\u00f3nica y Polititzacions del Malestar no es responsable de la informaci\u00f3n que se puede obtener a trav\u00e9s de enlaces a sistemas externos.<\/p>\n<\/div>\n<\/div><\/div><\/div><\/div><\/div>","protected":false},"excerpt":{"rendered":"<p>Derechos de uso de los contenidos Polititzacions del Malestar es un proyecto original de Nora Ancarola, Laia Manonelles y Daniel Gasol. Barcelona 2016\/2017\/2018 \u00a9 De los textos, los\/las autores\/ as \u00a9 De las obras, los\/las artistas &hellip; <a class=\"kt-excerpt-readmore\" href=\"https:\/\/polititzacionsdelmalestar.org\/es\/normes-d-us\/\" aria-label=\"Normas de uso\">Leer m&aacute;s<\/a><\/p>\n","protected":false},"author":6,"featured_media":0,"parent":0,"menu_order":0,"comment_status":"closed","ping_status":"closed","template":"page-sidebar.php","meta":{"footnotes":""},"class_list":["post-3727","page","type-page","status-publish","hentry"],"_links":{"self":[{"href":"https:\/\/polititzacionsdelmalestar.org\/es\/wp-json\/wp\/v2\/pages\/3727","targetHints":{"allow":["GET"]}}],"collection":[{"href":"https:\/\/polititzacionsdelmalestar.org\/es\/wp-json\/wp\/v2\/pages"}],"about":[{"href":"https:\/\/polititzacionsdelmalestar.org\/es\/wp-json\/wp\/v2\/types\/page"}],"author":[{"embeddable":true,"href":"https:\/\/polititzacionsdelmalestar.org\/es\/wp-json\/wp\/v2\/users\/6"}],"replies":[{"embeddable":true,"href":"https:\/\/polititzacionsdelmalestar.org\/es\/wp-json\/wp\/v2\/comments?post=3727"}],"version-history":[{"count":7,"href":"https:\/\/polititzacionsdelmalestar.org\/es\/wp-json\/wp\/v2\/pages\/3727\/revisions"}],"predecessor-version":[{"id":9200,"href":"https:\/\/polititzacionsdelmalestar.org\/es\/wp-json\/wp\/v2\/pages\/3727\/revisions\/9200"}],"wp:attachment":[{"href":"https:\/\/polititzacionsdelmalestar.org\/es\/wp-json\/wp\/v2\/media?parent=3727"}],"curies":[{"name":"wp","href":"https:\/\/api.w.org\/{rel}","templated":true}]}}