


{"id":3651,"date":"2017-11-30T08:30:13","date_gmt":"2017-11-30T08:30:13","guid":{"rendered":"https:\/\/polititzacionsdelmalestar.org\/activitats\/processos-experiencies\/?lang=es"},"modified":"2018-03-01T17:05:39","modified_gmt":"2018-03-01T17:05:39","slug":"processos-experiencies","status":"publish","type":"page","link":"https:\/\/polititzacionsdelmalestar.org\/es\/activitats\/processos-experiencies\/","title":{"rendered":"Procesos creativos y experiencias compartidas"},"content":{"rendered":"<div id=\"pl-3651\"  class=\"panel-layout\" ><div id=\"pg-3651-0\"  class=\"panel-grid panel-no-style\" ><div id=\"pgc-3651-0-0\"  class=\"panel-grid-cell\" ><div id=\"panel-3651-0-0-0\" class=\"so-panel widget widget_sow-editor panel-first-child panel-last-child\" data-index=\"0\" ><div\n\t\t\t\n\t\t\tclass=\"so-widget-sow-editor so-widget-sow-editor-base\"\n\t\t\t\n\t\t><h3 class=\"widget-title\">Jornada<\/h3>\n<div class=\"siteorigin-widget-tinymce textwidget\">\n\t<p><strong>Procesos creativos y experiencias compartidas<\/strong><\/p>\n<p>Politizaciones del malestar parte de la voluntad de profundizar en \u201cotras maneras\u201d de gestionar el malestar desde los procesos creativos, configurando un itinerario a partir de experiencias que perfilan el malestar a partir de su dimensi\u00f3n pol\u00edtica, colectiva, devolviendo a la sociedad aquello que esta invisibiliza. Proponemos una aproximaci\u00f3n a varias propuestas y acciones para exponer y compartir la gesti\u00f3n del desasosiego, de la vulnerabilidad, desde diferentes prismas, siendo esencial el proceso, el compromiso y una dimensi\u00f3n colaborativa.<\/p>\n<div class=\"kad-spacer clearfix\" style=\"height:10px\"><\/div>\n<a id=\"69e1b9a1e0ed4\" rel=\"wp-video-lightbox\" href=\"https:\/\/www.youtube.com\/watch?v=I9a3JOoflxU&#038;rel=0&#038;width=800&#038;height=600\" title=\"\"><img decoding=\"async\" src=\"https:\/\/polititzacionsdelmalestar.org\/wp-content\/uploads\/2017\/12\/presentacio_jornada.jpg\" class=\"video_lightbox_anchor_image\" alt=\"Presentaci\u00f3n y conferencia de Amador Fern\u00e1ndez-Savater\" \/><\/a>    <script>\r\n    \/* <![CDATA[ *\/\r\n    jQuery(document).ready(function($){\r\n        $(function(){\r\n            var width = $(window).innerWidth();\r\n            var setwidth = parseFloat(800);\r\n            var ratio = parseFloat(0.75);\r\n            var height = parseFloat(600);\r\n            var link = 'https:\/\/www.youtube.com\/watch?v=I9a3JOoflxU&amp;rel=0&amp;width=800&amp;height=600';\r\n            if(width < setwidth)\r\n            {\r\n                height = Math.floor(width * 0.75);\r\n                \/\/console.log(\"device width \"+width+\", set width \"+800+\", ratio \"+0.75+\", new height \"+ height);\r\n                var new_url = wpvl_paramReplace('width', link, width);\r\n                var new_url = wpvl_paramReplace('height', new_url, height);\r\n                $(\"a#69e1b9a1e0ed4\").attr('href', new_url);\r\n                \/\/console.log(new_url);\r\n            }\r\n        });\r\n    });\r\n    \/* ]]> *\/\r\n    <\/script>\n<p><div class=\"kad-spacer clearfix\" style=\"height:5px\"><\/div><br \/> <a id=\"69e1b9a1e0fc3\" rel=\"wp-video-lightbox\" href=\"https:\/\/www.youtube.com\/watch?v=I9a3JOoflxU&#038;rel=0&#038;width=800&#038;height=600\" title=\"\"><img decoding=\"async\" src=\"https:\/\/polititzacionsdelmalestar.org\/wp-content\/uploads\/2017\/12\/presentacio_amador.jpg\" class=\"video_lightbox_anchor_image\" alt=\"Presentaci\u00f3n y conferencia de Amador Fern\u00e1ndez-Savater\" \/><\/a>    <script>\r\n    \/* <![CDATA[ *\/\r\n    jQuery(document).ready(function($){\r\n        $(function(){\r\n            var width = $(window).innerWidth();\r\n            var setwidth = parseFloat(800);\r\n            var ratio = parseFloat(0.75);\r\n            var height = parseFloat(600);\r\n            var link = 'https:\/\/www.youtube.com\/watch?v=I9a3JOoflxU&amp;rel=0&amp;width=800&amp;height=600';\r\n            if(width < setwidth)\r\n            {\r\n                height = Math.floor(width * 0.75);\r\n                \/\/console.log(\"device width \"+width+\", set width \"+800+\", ratio \"+0.75+\", new height \"+ height);\r\n                var new_url = wpvl_paramReplace('width', link, width);\r\n                var new_url = wpvl_paramReplace('height', new_url, height);\r\n                $(\"a#69e1b9a1e0fc3\").attr('href', new_url);\r\n                \/\/console.log(new_url);\r\n            }\r\n        });\r\n    });\r\n    \/* ]]> *\/\r\n    <\/script><\/p>\n<div class=\"kad-spacer clearfix\" style=\"height:5px\"><\/div>\n<p><em>Presentaci\u00f3n y conferencia de Amador Fern\u00e1ndez-Savater.<\/em><\/p>\n<div class=\"kad-spacer clearfix\" style=\"height:10px\"><\/div>\n<p><strong>Proyectos colectivos<\/strong><\/p>\n<p><em>- Espai en Blanc<\/em>. La societat terap\u00e8utica<br \/>Encuentros de pensamiento en torno a un espacio com\u00fan en las que hablar, pensar y discutir en torno a la realidad cotidiana, en una sociedad terap\u00e9utica.<\/p>\n<p><em>- Bar Project.<br \/><\/em>En el contexto del programa curatorial, BAR Project investiga las pol\u00edticas de control de la conducta humana<\/p>\n<div class=\"kad-spacer clearfix\" style=\"height:10px\"><\/div>\n<a id=\"69e1b9a1e1112\" rel=\"wp-video-lightbox\" href=\"https:\/\/www.youtube.com\/watch?v=UPMsiJUZSP8&#038;t=21s&#038;width=800&#038;height=600\" title=\"\"><img decoding=\"async\" src=\"https:\/\/polititzacionsdelmalestar.org\/wp-content\/uploads\/2017\/12\/video_bar_project.jpg\" class=\"video_lightbox_anchor_image\" alt=\"Presentaci\u00f3n y conferencia de Bar Project\" \/><\/a>    <script>\r\n    \/* <![CDATA[ *\/\r\n    jQuery(document).ready(function($){\r\n        $(function(){\r\n            var width = $(window).innerWidth();\r\n            var setwidth = parseFloat(800);\r\n            var ratio = parseFloat(0.75);\r\n            var height = parseFloat(600);\r\n            var link = 'https:\/\/www.youtube.com\/watch?v=UPMsiJUZSP8&amp;t=21s&amp;width=800&amp;height=600';\r\n            if(width < setwidth)\r\n            {\r\n                height = Math.floor(width * 0.75);\r\n                \/\/console.log(\"device width \"+width+\", set width \"+800+\", ratio \"+0.75+\", new height \"+ height);\r\n                var new_url = wpvl_paramReplace('width', link, width);\r\n                var new_url = wpvl_paramReplace('height', new_url, height);\r\n                $(\"a#69e1b9a1e1112\").attr('href', new_url);\r\n                \/\/console.log(new_url);\r\n            }\r\n        });\r\n    });\r\n    \/* ]]> *\/\r\n    <\/script>\n<div class=\"kad-spacer clearfix\" style=\"height:5px\"><\/div>\n<p><em>Presentaci\u00f3n y conferencia de Bar-Project.<\/em><\/p>\n<div class=\"kad-spacer clearfix\" style=\"height:10px\"><\/div>\n<p><strong>Experiencias curatoriales<\/strong><\/p>\n<p>- Mart\u00ed Peran \u201cIndisposici\u00f3n general. <br \/>Ensayo sobre la fatiga\u201d Exposici\u00f3n Comisariada en Fabra&amp;Coats (2016)\u00a0<\/p>\n<p><em>- Anna Manubens<\/em> \u201cVisceral Blue\u201d<br \/>Exposici\u00f3n tratando varios estados en torno a la melancol\u00eda, creando una exposici\u00f3n que emplea el morat\u00f3n (Blue) como hilo narrativo.<\/p>\n<div class=\"kad-spacer clearfix\" style=\"height:10px\"><\/div>\n<a id=\"69e1b9a1e1250\" rel=\"wp-video-lightbox\" href=\"https:\/\/www.youtube.com\/watch?v=UPMsiJUZSP8&#038;t=21s&#038;width=800&#038;height=600\" title=\"\"><img decoding=\"async\" src=\"https:\/\/polititzacionsdelmalestar.org\/wp-content\/uploads\/2017\/12\/video_pera_manubens2.jpg\" class=\"video_lightbox_anchor_image\" alt=\"Presentaci\u00f3n y conferencia Mart\u00ed Peran y Anna Manubens\" \/><\/a>    <script>\r\n    \/* <![CDATA[ *\/\r\n    jQuery(document).ready(function($){\r\n        $(function(){\r\n            var width = $(window).innerWidth();\r\n            var setwidth = parseFloat(800);\r\n            var ratio = parseFloat(0.75);\r\n            var height = parseFloat(600);\r\n            var link = 'https:\/\/www.youtube.com\/watch?v=UPMsiJUZSP8&amp;t=21s&amp;width=800&amp;height=600';\r\n            if(width < setwidth)\r\n            {\r\n                height = Math.floor(width * 0.75);\r\n                \/\/console.log(\"device width \"+width+\", set width \"+800+\", ratio \"+0.75+\", new height \"+ height);\r\n                var new_url = wpvl_paramReplace('width', link, width);\r\n                var new_url = wpvl_paramReplace('height', new_url, height);\r\n                $(\"a#69e1b9a1e1250\").attr('href', new_url);\r\n                \/\/console.log(new_url);\r\n            }\r\n        });\r\n    });\r\n    \/* ]]> *\/\r\n    <\/script>\n<div class=\"kad-spacer clearfix\" style=\"height:5px\"><\/div>\n<p><em>Presentaci\u00f3n y conferencia de Mart\u00ed Peran i Anna Manubens.<\/em><\/p>\n<div class=\"kad-spacer clearfix\" style=\"height:10px\"><\/div>\n<p><strong>Proyectos art\u00edsticos<\/strong><\/p>\n<p>-\u00a0<em>Rufino Mesa, Virg\u00ednia Garcia del Pino y Col\u00b7lectiu Enmedio<\/em>.<\/p>\n<div class=\"kad-spacer clearfix\" style=\"height:10px\"><\/div>\n<a id=\"69e1b9a1e13ab\" rel=\"wp-video-lightbox\" href=\"https:\/\/www.youtube.com\/watch?v=YEK3Uso08eA&#038;t=3s&#038;width=800&#038;height=600\" title=\"\"><img decoding=\"async\" src=\"https:\/\/polititzacionsdelmalestar.org\/wp-content\/uploads\/2017\/12\/video_garcia_pino.jpg\" class=\"video_lightbox_anchor_image\" alt=\"\" \/><\/a>    <script>\r\n    \/* <![CDATA[ *\/\r\n    jQuery(document).ready(function($){\r\n        $(function(){\r\n            var width = $(window).innerWidth();\r\n            var setwidth = parseFloat(800);\r\n            var ratio = parseFloat(0.75);\r\n            var height = parseFloat(600);\r\n            var link = 'https:\/\/www.youtube.com\/watch?v=YEK3Uso08eA&amp;t=3s&amp;width=800&amp;height=600';\r\n            if(width < setwidth)\r\n            {\r\n                height = Math.floor(width * 0.75);\r\n                \/\/console.log(\"device width \"+width+\", set width \"+800+\", ratio \"+0.75+\", new height \"+ height);\r\n                var new_url = wpvl_paramReplace('width', link, width);\r\n                var new_url = wpvl_paramReplace('height', new_url, height);\r\n                $(\"a#69e1b9a1e13ab\").attr('href', new_url);\r\n                \/\/console.log(new_url);\r\n            }\r\n        });\r\n    });\r\n    \/* ]]> *\/\r\n    <\/script>\n<div class=\"kad-spacer clearfix\" style=\"height:5px\"><\/div>\n<p><em>Mesa redonda: Rufino Mesa, Virginia Garc\u00eda del Pino y Colectivo Enmedio.<\/em><\/p>\n<div class=\"kad-spacer clearfix\" style=\"height:10px\"><\/div>\n<p><strong>Fecha: <\/strong>18 de Enero de 2017<\/p>\n<p><strong>Lugar: <\/strong>Centre d\u2019Art Santa M\u00f2nica<\/p>\n<div class=\"kad-spacer clearfix\" style=\"height:10px\"><\/div>\n<p><strong>Con el soporte de <\/strong>la <a href=\"http:\/\/cultura.gencat.cat\/ca\/inici\/\">Generalitat de Catalunya<\/a>, <a href=\"http:\/\/artssantamonica.gencat.cat\/ca\/\">Arts Santa M\u00f2nica<\/a> y <a href=\"https:\/\/artyarqdigital.wordpress.com\/\" target=\"_blank\" rel=\"noopener\">Grup d\u2019investigaci\u00f3 Art, Arquitectura i Societat Digital<\/a> (Universitat de Barcelona).<\/p>\n<\/div>\n<\/div><\/div><\/div><div id=\"pgc-3651-0-1\"  class=\"panel-grid-cell\" ><div id=\"panel-3651-0-1-0\" class=\"so-panel widget widget_virtue_gallery_widget virtue_gallery_widget panel-first-child panel-last-child\" data-index=\"1\" ><div id=\"kad-wp-gallery549\" class=\"kad-wp-gallery gallery kt-gallery-column-1 init-isotope-intrinsic reinit-isotope kad-light-wp-gallery clearfix rowtight\" data-fade-in=\"1\" data-iso-selector=\".g_item\" data-iso-style=\"masonry\" data-iso-filter=\"false\"><div class=\"tcol-lg-12 tcol-md-12 tcol-sm-12 tcol-xs-12 tcol-ss-12 g_item\"><div class=\"grid_item kt_item_fade_in kad_gallery_fade_in gallery_item\"><a href=\"https:\/\/polititzacionsdelmalestar.org\/wp-content\/uploads\/2017\/12\/foto_conferencia_Garcia_Pino.jpg\" data-rel=\"lightbox\" class=\"lightboxhover\"><div class=\"kt-intrinsic\" style=\"padding-bottom:69.306930693069%;\"><div itemprop=\"image\" itemscope itemtype=\"https:\/\/schema.org\/ImageObject\"><img loading=\"lazy\" decoding=\"async\" width=\"606\" height=\"420\" src=\"https:\/\/polititzacionsdelmalestar.org\/wp-content\/uploads\/2017\/12\/foto_conferencia_Garcia_Pino.jpg\" srcset=\"https:\/\/polititzacionsdelmalestar.org\/wp-content\/uploads\/2017\/12\/foto_conferencia_Garcia_Pino.jpg 606w, https:\/\/polititzacionsdelmalestar.org\/wp-content\/uploads\/2017\/12\/foto_conferencia_Garcia_Pino-300x208.jpg 300w\" sizes=\"auto, (max-width: 606px) 100vw, 606px\" data-caption=\"Mi hermana y yo. Virginia Garcia del Pino, 2009\" class=\"light-dropshaddow\" itemprop=\"contentUrl\" alt=\"\"><meta itemprop=\"url\" content=\"https:\/\/polititzacionsdelmalestar.org\/wp-content\/uploads\/2017\/12\/foto_conferencia_Garcia_Pino.jpg\"><meta itemprop=\"width\" content=\"606px\"><meta itemprop=\"height\" content=\"420px\"><\/div><\/div><div class=\"caption kad_caption\"><div class=\"kad_caption_inner\">Mi hermana y yo. Virginia Garcia del Pino, 2009<\/div><\/div><\/a><\/div><\/div><div class=\"tcol-lg-12 tcol-md-12 tcol-sm-12 tcol-xs-12 tcol-ss-12 g_item\"><div class=\"grid_item kt_item_fade_in kad_gallery_fade_in gallery_item\"><a href=\"https:\/\/polititzacionsdelmalestar.org\/wp-content\/uploads\/2017\/12\/foto_conferencia_Rufino.jpg\" data-rel=\"lightbox\" class=\"lightboxhover\"><div class=\"kt-intrinsic\" style=\"padding-bottom:69.306930693069%;\"><div itemprop=\"image\" itemscope itemtype=\"https:\/\/schema.org\/ImageObject\"><img loading=\"lazy\" decoding=\"async\" width=\"606\" height=\"420\" src=\"https:\/\/polititzacionsdelmalestar.org\/wp-content\/uploads\/2017\/12\/foto_conferencia_Rufino.jpg\" srcset=\"https:\/\/polititzacionsdelmalestar.org\/wp-content\/uploads\/2017\/12\/foto_conferencia_Rufino.jpg 606w, https:\/\/polititzacionsdelmalestar.org\/wp-content\/uploads\/2017\/12\/foto_conferencia_Rufino-300x208.jpg 300w\" sizes=\"auto, (max-width: 606px) 100vw, 606px\" data-caption=\"Susurros en un agujero. Rufino Mesa -accio\u0301-, 2004\" class=\"light-dropshaddow\" itemprop=\"contentUrl\" alt=\"\"><meta itemprop=\"url\" content=\"https:\/\/polititzacionsdelmalestar.org\/wp-content\/uploads\/2017\/12\/foto_conferencia_Rufino.jpg\"><meta itemprop=\"width\" content=\"606px\"><meta itemprop=\"height\" content=\"420px\"><\/div><\/div><div class=\"caption kad_caption\"><div class=\"kad_caption_inner\">Susurros en un agujero. Rufino Mesa -accio\u0301-, 2004<\/div><\/div><\/a><\/div><\/div><div class=\"tcol-lg-12 tcol-md-12 tcol-sm-12 tcol-xs-12 tcol-ss-12 g_item\"><div class=\"grid_item kt_item_fade_in kad_gallery_fade_in gallery_item\"><a href=\"https:\/\/polititzacionsdelmalestar.org\/wp-content\/uploads\/2017\/12\/foto_conferencia_sinmordaza.jpg\" data-rel=\"lightbox\" class=\"lightboxhover\"><div class=\"kt-intrinsic\" style=\"padding-bottom:69.306930693069%;\"><div itemprop=\"image\" itemscope itemtype=\"https:\/\/schema.org\/ImageObject\"><img loading=\"lazy\" decoding=\"async\" width=\"606\" height=\"420\" src=\"https:\/\/polititzacionsdelmalestar.org\/wp-content\/uploads\/2017\/12\/foto_conferencia_sinmordaza.jpg\" srcset=\"https:\/\/polititzacionsdelmalestar.org\/wp-content\/uploads\/2017\/12\/foto_conferencia_sinmordaza.jpg 606w, https:\/\/polititzacionsdelmalestar.org\/wp-content\/uploads\/2017\/12\/foto_conferencia_sinmordaza-300x208.jpg 300w\" sizes=\"auto, (max-width: 606px) 100vw, 606px\" data-caption=\"#SinMordaza. Col\u00b7lectiu Enmedio. 2014\" class=\"light-dropshaddow\" itemprop=\"contentUrl\" alt=\"\"><meta itemprop=\"url\" content=\"https:\/\/polititzacionsdelmalestar.org\/wp-content\/uploads\/2017\/12\/foto_conferencia_sinmordaza.jpg\"><meta itemprop=\"width\" content=\"606px\"><meta itemprop=\"height\" content=\"420px\"><\/div><\/div><div class=\"caption kad_caption\"><div class=\"kad_caption_inner\">#SinMordaza. Col\u00b7lectiu Enmedio. 2014<\/div><\/div><\/a><\/div><\/div><\/div><\/div><\/div><\/div><\/div>","protected":false},"excerpt":{"rendered":"<p>Procesos creativos y experiencias compartidas Politizaciones del malestar parte de la voluntad de profundizar en \u201cotras maneras\u201d de gestionar el malestar desde los procesos creativos, configurando un itinerario a partir de experiencias que perfilan el malestar &hellip; <a class=\"kt-excerpt-readmore\" href=\"https:\/\/polititzacionsdelmalestar.org\/es\/activitats\/processos-experiencies\/\" aria-label=\"Procesos creativos y experiencias compartidas\">Leer m&aacute;s<\/a><\/p>\n","protected":false},"author":6,"featured_media":0,"parent":3408,"menu_order":0,"comment_status":"closed","ping_status":"closed","template":"page-sidebar.php","meta":{"footnotes":""},"class_list":["post-3651","page","type-page","status-publish","hentry"],"_links":{"self":[{"href":"https:\/\/polititzacionsdelmalestar.org\/es\/wp-json\/wp\/v2\/pages\/3651","targetHints":{"allow":["GET"]}}],"collection":[{"href":"https:\/\/polititzacionsdelmalestar.org\/es\/wp-json\/wp\/v2\/pages"}],"about":[{"href":"https:\/\/polititzacionsdelmalestar.org\/es\/wp-json\/wp\/v2\/types\/page"}],"author":[{"embeddable":true,"href":"https:\/\/polititzacionsdelmalestar.org\/es\/wp-json\/wp\/v2\/users\/6"}],"replies":[{"embeddable":true,"href":"https:\/\/polititzacionsdelmalestar.org\/es\/wp-json\/wp\/v2\/comments?post=3651"}],"version-history":[{"count":10,"href":"https:\/\/polititzacionsdelmalestar.org\/es\/wp-json\/wp\/v2\/pages\/3651\/revisions"}],"predecessor-version":[{"id":9244,"href":"https:\/\/polititzacionsdelmalestar.org\/es\/wp-json\/wp\/v2\/pages\/3651\/revisions\/9244"}],"up":[{"embeddable":true,"href":"https:\/\/polititzacionsdelmalestar.org\/es\/wp-json\/wp\/v2\/pages\/3408"}],"wp:attachment":[{"href":"https:\/\/polititzacionsdelmalestar.org\/es\/wp-json\/wp\/v2\/media?parent=3651"}],"curies":[{"name":"wp","href":"https:\/\/api.w.org\/{rel}","templated":true}]}}