


{"id":3483,"date":"2018-01-18T16:46:29","date_gmt":"2018-01-18T16:46:29","guid":{"rendered":"https:\/\/polititzacionsdelmalestar.org\/activitats\/optimitzacio-combinatoria\/?lang=es"},"modified":"2018-03-01T16:36:40","modified_gmt":"2018-03-01T16:36:40","slug":"optimitzacio-combinatoria","status":"publish","type":"page","link":"https:\/\/polititzacionsdelmalestar.org\/es\/activitats\/optimitzacio-combinatoria\/","title":{"rendered":"Optimitzaci\u00f3n combinatoria"},"content":{"rendered":"<div id=\"pl-3483\"  class=\"panel-layout\" ><div id=\"pg-3483-0\"  class=\"panel-grid panel-no-style\" ><div id=\"pgc-3483-0-0\"  class=\"panel-grid-cell\" ><div id=\"panel-3483-0-0-0\" class=\"so-panel widget widget_sow-editor panel-first-child panel-last-child\" data-index=\"0\" ><div\n\t\t\t\n\t\t\tclass=\"so-widget-sow-editor so-widget-sow-editor-base\"\n\t\t\t\n\t\t><h3 class=\"widget-title\">Exposici\u00f3n<\/h3>\n<div class=\"siteorigin-widget-tinymce textwidget\">\n\t<p><strong>Optimizaci\u00f3n combinatoria: estrategias transformadoras<\/strong><\/p>\n<p><em>Optimizaci\u00f3n combinatoria: estrategias transformadoras<\/em> es un trabajo de Ulla Blanca Lima y Nora Ancarola, con la colaboraci\u00f3n de Xavi Sert y Let\u00edcia Rodr\u00edguez en el proyecto educativo.<\/p>\n<p>Ulla Blanca Lima y Nora Ancarola presentan este proyecto en el marco de la exposici\u00f3n Politizaciones del malestar. Procesos creativos y experiencias compartidas.<\/p>\n<p>En el lenguaje coloquial, optimizar significa poco m\u00e1s que mejorar; sin embargo, en el contexto cient\u00edfico la optimizaci\u00f3n es el proceso de tratar de encontrar la mejor soluci\u00f3n posible para un determinado problema... La optimizaci\u00f3n combinatoria es la utilizaci\u00f3n de muchos recursos combinados para conseguir una mayor eficacia. El a\u00f1o 2006, Nora y Ulla se conocen en el ciclo formativo de Artes aplicadas al Muro en Llotja, la primera como docente y la segunda como alumna.<\/p>\n<p>Despu\u00e9s de 5 a\u00f1os, Ulla con una enfermedad cr\u00f3nica, pudo acabar con eficiencia sus estudios con un proyecto final excelente que Nora tutoriz\u00f3 Han pasado unos a\u00f1os y de vez en cuando, Nora y Ulla, nos encontramos a veces para hablar de su trabajo como artistas y tambi\u00e9n para comentar sus estrategias para hacer frente a sus l\u00edmites.<\/p>\n<p>El a\u00f1o 2016 realizan un proyecto para hacer visible una parte del trabajo que result\u00f3 de aquellos a\u00f1os de estudio y algunas obras del inicio de un futuro recorrido de trabajo en com\u00fan en una exposici\u00f3n para la Xina A.R.T.<\/p>\n<p>En el a\u00f1o 2017 dentro del proyecto \u201cPolitizaciones del Malestar. Procesos creativos y experiencias compartidas\u201d en Arts Santa M\u00f3nica se enmarca la exposici\u00f3n de Can Many\u00e8, donde se han propuesto ampliar el trabajo en com\u00fan con nuevas piezas realizadas y adem\u00e1s, se vio una muestra del resultado de un trabajo pedag\u00f3gico realizado en el instituto de Alella a cargo de Xavi Sert y Let\u00edcia Rodr\u00edguez.<\/p>\n<p>\u201dEl ritual art\u00edstico entendido como ejercicio terap\u00e9utico y subversivo parte de la determinaci\u00f3n de ciertos creadoras que fundan la experiencia vital cono la art\u00edstica.<\/p>\n<p>Pero \u00bfen qu\u00e9 sentido hay que entender la acci\u00f3n como ejercicio terape\u00fatico y subversivo? En un primero momento, la acci\u00f3n responde a la necesidad de rumiar, digerir y expresar el malestar, y, en un segundo momento, esta dimensi\u00f3n individual deviene colectiva, cuando los creadoras canalizan en sus obras el malestar social cono la voluntad de incidir en lo marco social. \u00bfC\u00f3mo? Devolviendo el malestar a la sociedad y evidenciando que \u00e9ste no se exclusivo de un solo individ\u00fao.<\/p>\n<p>Los pensadores y los artistas desaf\u00edan a un sistema homog\u00e9neo al infiltrar interrogantes y otros modos de actuar alternativos. Aqu\u00ed aparece la dimensi\u00f3n \u00e9tica de la creaci\u00f3n, relacion\u00e1ndola cono la capacidad de comprometerse, de compartir, de crear, de tomar la iniciativa. Y precisamente la capacidad de pasar a la acci\u00f3n se necesaria en un mundo re-activo, en el cual los ciudadanos re-accionan a los est\u00edmulos pero las resulta extremadamente dif\u00edcil, generar, esforzarse para construir sus propias alternativas. P\u00faas se esencial remarcar esta estrecha relaci\u00f3n entre la creaci\u00f3n y la vida, entre pr\u00e1ctica y teor\u00eda, subrayando la importancia del proceso, del compromiso...\" <span title=\"Laia Manonelles Moner de El ritual art\u00edstico como herramienta terap\u00e9utica y subversiva\">(*1)<\/span><\/p>\n<h4><strong><br \/><\/strong>Exposici\u00f3n<\/h4>\n<p><b>Fechas<\/b><\/p>\n<p>17-11-2017 \u2013 17-12-2017<\/p>\n<p><strong>Espacio<\/strong><\/p>\n<p><a href=\"http:\/\/www.alella.cat\/canmanye\">Espai d\u2019Art i Creaci\u00f3 Can Many\u00e8<\/a>. Alella<\/p>\n<p><strong>Textos<\/strong><\/p>\n<div class=\"page\" title=\"Page 1\">\n<div class=\"layoutArea\">\n<div class=\"column\">\n<p><a href=\"https:\/\/polititzacionsdelmalestar.org\/wp-content\/uploads\/2018\/01\/Optimitzacio\u0301-combinato\u0300ria.-Estrate\u0300gies-de-supervive\u0300ncia-i-de-polititzacio\u0301-del-malestar.-Laia-Manonelles.pdf\">Optimitzacio\u0301 combinato\u0300ria. Estrate\u0300gies de supervive\u0300ncia i de polititzacio\u0301 del malestar. Laia Manonelles<\/a>. PDF (96KB)<\/p>\n<\/div>\n<\/div>\n<\/div>\n<p><strong>Links y prensa<\/strong><\/p>\n<p class=\"imatge_text\">- <a href=\"http:\/\/artssantamonica.gencat.cat\/ca\/detall\/Optimitzacio-combinatoria\" target=\"_blank\" rel=\"noopener\">Arts Santa M\u00f2nica. Optimitzaci\u00f3 combinat\u00f2ria<\/a><br \/> - <a href=\"http:\/\/www.bonart.cat\/actual\/optimitzacio-combinatoria%EF%BB%BF-dulla-blanca-lima-a-la-xina-a-r-t\/\" target=\"_blank\" rel=\"noopener\">Bon Art.\u00a0Optimitzaci\u00f3 Combinat\u00f2ria<\/a><br \/> - <a href=\"https:\/\/www.nuvol.com\/noticies\/malestar-del-jo-al-nosaltres-lima-can-manye-alella\/\" target=\"_blank\" rel=\"noopener\">N\u00favol. Malestar, del jo al nosaltres<\/a><\/p>\n<p><strong>Coordinaci\u00f3n de la exposici\u00f3n<\/strong><\/p>\n<p>Merc\u00e8 Pomer<br \/> Queralt Morros Bar\u00f3<\/p>\n<p><strong>Direcci\u00f3n de montaje<\/strong><\/p>\n<p>Abd\u00f2 Mart\u00ed<\/p>\n<p><strong>Agradecimientos<\/strong><\/p>\n<p>Al Instituto de Alella, su directora Lina Rubio Escuder y la profesora de pl\u00e1stica Montse Agust\u00ed.<\/p>\n<p><strong>Con la colaboraci\u00f3n de<\/strong><\/p>\n<p><a href=\"http:\/\/www.alella.cat\/canmanye\">Can Many\u00e9\u00a0<\/a> \u00a0 \u00a0 \u00a0 \u00a0 \u00a0 \u00a0 \u00a0 \u00a0<br \/><a href=\"http:\/\/artssantamonica.gencat.cat\/ca\/\">Arts Santa M\u00f2nica,\u00a0Generalitat de Catalunya<\/a><\/p>\n<\/div>\n<\/div><\/div><\/div><div id=\"pgc-3483-0-1\"  class=\"panel-grid-cell\" ><div id=\"panel-3483-0-1-0\" class=\"so-panel widget widget_virtue_gallery_widget virtue_gallery_widget panel-first-child panel-last-child\" data-index=\"1\" ><div id=\"kad-wp-gallery178\" class=\"kad-wp-gallery gallery kt-gallery-column-1 init-isotope-intrinsic reinit-isotope kad-light-wp-gallery clearfix rowtight\" data-fade-in=\"1\" data-iso-selector=\".g_item\" data-iso-style=\"masonry\" data-iso-filter=\"false\"><div class=\"tcol-lg-12 tcol-md-12 tcol-sm-12 tcol-xs-12 tcol-ss-12 g_item\"><div class=\"grid_item kt_item_fade_in kad_gallery_fade_in gallery_item\"><a href=\"https:\/\/polititzacionsdelmalestar.org\/wp-content\/uploads\/2018\/01\/imatge-01.jpg\" data-rel=\"lightbox\" class=\"lightboxhover\"><div class=\"kt-intrinsic\" style=\"padding-bottom:100%;\"><div itemprop=\"image\" itemscope itemtype=\"https:\/\/schema.org\/ImageObject\"><img loading=\"lazy\" decoding=\"async\" width=\"560\" height=\"560\" src=\"https:\/\/polititzacionsdelmalestar.org\/wp-content\/uploads\/2018\/01\/imatge-01-560x560.jpg\" srcset=\"https:\/\/polititzacionsdelmalestar.org\/wp-content\/uploads\/2018\/01\/imatge-01-560x560.jpg 560w, https:\/\/polititzacionsdelmalestar.org\/wp-content\/uploads\/2018\/01\/imatge-01-150x150.jpg 150w\" sizes=\"auto, (max-width: 560px) 100vw, 560px\" data-caption=\"Ulla Blanca Lima, S\u00e8rie de fotografies, \u201c24, 48, 72... hores\u201d, 2009\" class=\"light-dropshaddow\" itemprop=\"contentUrl\" alt=\"Exposici\u00f3. Optimitzaci\u00f3 combinat\u00f2ria: estrat\u00e8gies transformadores\"><meta itemprop=\"url\" content=\"https:\/\/polititzacionsdelmalestar.org\/wp-content\/uploads\/2018\/01\/imatge-01-560x560.jpg\"><meta itemprop=\"width\" content=\"560px\"><meta itemprop=\"height\" content=\"560px\"><\/div><\/div><div class=\"caption kad_caption\"><div class=\"kad_caption_inner\">Ulla Blanca Lima, S\u00e8rie de fotografies, \u201c24, 48, 72&#8230; hores\u201d, 2009<\/div><\/div><\/a><\/div><\/div><div class=\"tcol-lg-12 tcol-md-12 tcol-sm-12 tcol-xs-12 tcol-ss-12 g_item\"><div class=\"grid_item kt_item_fade_in kad_gallery_fade_in gallery_item\"><a href=\"https:\/\/polititzacionsdelmalestar.org\/wp-content\/uploads\/2018\/01\/imatge-02.jpg\" data-rel=\"lightbox\" class=\"lightboxhover\"><div class=\"kt-intrinsic\" style=\"padding-bottom:100%;\"><div itemprop=\"image\" itemscope itemtype=\"https:\/\/schema.org\/ImageObject\"><img loading=\"lazy\" decoding=\"async\" width=\"560\" height=\"560\" src=\"https:\/\/polititzacionsdelmalestar.org\/wp-content\/uploads\/2018\/01\/imatge-02-560x560.jpg\" srcset=\"https:\/\/polititzacionsdelmalestar.org\/wp-content\/uploads\/2018\/01\/imatge-02-560x560.jpg 560w, https:\/\/polititzacionsdelmalestar.org\/wp-content\/uploads\/2018\/01\/imatge-02-150x150.jpg 150w\" sizes=\"auto, (max-width: 560px) 100vw, 560px\" data-caption=\"Ulla Blanca Lima, Nuestros int\u00e9rpretes, v\u00eddeo, 2010\" class=\"light-dropshaddow\" itemprop=\"contentUrl\" alt=\"Exposici\u00f3. Optimitzaci\u00f3 combinat\u00f2ria: estrat\u00e8gies transformadores\"><meta itemprop=\"url\" content=\"https:\/\/polititzacionsdelmalestar.org\/wp-content\/uploads\/2018\/01\/imatge-02-560x560.jpg\"><meta itemprop=\"width\" content=\"560px\"><meta itemprop=\"height\" content=\"560px\"><\/div><\/div><div class=\"caption kad_caption\"><div class=\"kad_caption_inner\">Ulla Blanca Lima, Nuestros int\u00e9rpretes, v\u00eddeo, 2010<\/div><\/div><\/a><\/div><\/div><div class=\"tcol-lg-12 tcol-md-12 tcol-sm-12 tcol-xs-12 tcol-ss-12 g_item\"><div class=\"grid_item kt_item_fade_in kad_gallery_fade_in gallery_item\"><a href=\"https:\/\/polititzacionsdelmalestar.org\/wp-content\/uploads\/2018\/01\/imatge-03.jpg\" data-rel=\"lightbox\" class=\"lightboxhover\"><div class=\"kt-intrinsic\" style=\"padding-bottom:100%;\"><div itemprop=\"image\" itemscope itemtype=\"https:\/\/schema.org\/ImageObject\"><img loading=\"lazy\" decoding=\"async\" width=\"560\" height=\"560\" src=\"https:\/\/polititzacionsdelmalestar.org\/wp-content\/uploads\/2018\/01\/imatge-03-560x560.jpg\" srcset=\"https:\/\/polititzacionsdelmalestar.org\/wp-content\/uploads\/2018\/01\/imatge-03-560x560.jpg 560w, https:\/\/polititzacionsdelmalestar.org\/wp-content\/uploads\/2018\/01\/imatge-03-150x150.jpg 150w\" sizes=\"auto, (max-width: 560px) 100vw, 560px\" data-caption=\"Ulla Blanca Lima, Batas y dibujos, material procedent del per\u00edode hospitalari d\u2019Ulla Blanca Lima, Hospital Cl\u00ednic de Barcelona, del 10 al 14 de abril de 2009.\" class=\"light-dropshaddow\" itemprop=\"contentUrl\" alt=\"Exposici\u00f3. Optimitzaci\u00f3 combinat\u00f2ria: estrat\u00e8gies transformadores\"><meta itemprop=\"url\" content=\"https:\/\/polititzacionsdelmalestar.org\/wp-content\/uploads\/2018\/01\/imatge-03-560x560.jpg\"><meta itemprop=\"width\" content=\"560px\"><meta itemprop=\"height\" content=\"560px\"><\/div><\/div><div class=\"caption kad_caption\"><div class=\"kad_caption_inner\">Ulla Blanca Lima, Batas y dibujos, material procedent del per\u00edode hospitalari d\u2019Ulla Blanca Lima, Hospital Cl\u00ednic de Barcelona, del 10 al 14 de abril de 2009.<\/div><\/div><\/a><\/div><\/div><div class=\"tcol-lg-12 tcol-md-12 tcol-sm-12 tcol-xs-12 tcol-ss-12 g_item\"><div class=\"grid_item kt_item_fade_in kad_gallery_fade_in gallery_item\"><a href=\"https:\/\/polititzacionsdelmalestar.org\/wp-content\/uploads\/2018\/01\/imatge-04.jpg\" data-rel=\"lightbox\" class=\"lightboxhover\"><div class=\"kt-intrinsic\" style=\"padding-bottom:100%;\"><div itemprop=\"image\" itemscope itemtype=\"https:\/\/schema.org\/ImageObject\"><img loading=\"lazy\" decoding=\"async\" width=\"560\" height=\"560\" src=\"https:\/\/polititzacionsdelmalestar.org\/wp-content\/uploads\/2018\/01\/imatge-04-560x560.jpg\" srcset=\"https:\/\/polititzacionsdelmalestar.org\/wp-content\/uploads\/2018\/01\/imatge-04-560x560.jpg 560w, https:\/\/polititzacionsdelmalestar.org\/wp-content\/uploads\/2018\/01\/imatge-04-150x150.jpg 150w\" sizes=\"auto, (max-width: 560px) 100vw, 560px\" data-caption=\"Ulla Blanca Lima, Batas y dibujos, material procedent del per\u00edode hospitalari d\u2019Ulla Blanca Lima, Hospital Cl\u00ednic de Barcelona, del 10 al 14 de abril de 2009.\" class=\"light-dropshaddow\" itemprop=\"contentUrl\" alt=\"Exposici\u00f3. Optimitzaci\u00f3 combinat\u00f2ria: estrat\u00e8gies transformadores\"><meta itemprop=\"url\" content=\"https:\/\/polititzacionsdelmalestar.org\/wp-content\/uploads\/2018\/01\/imatge-04-560x560.jpg\"><meta itemprop=\"width\" content=\"560px\"><meta itemprop=\"height\" content=\"560px\"><\/div><\/div><div class=\"caption kad_caption\"><div class=\"kad_caption_inner\">Ulla Blanca Lima, Batas y dibujos, material procedent del per\u00edode hospitalari d\u2019Ulla Blanca Lima, Hospital Cl\u00ednic de Barcelona, del 10 al 14 de abril de 2009.<\/div><\/div><\/a><\/div><\/div><div class=\"tcol-lg-12 tcol-md-12 tcol-sm-12 tcol-xs-12 tcol-ss-12 g_item\"><div class=\"grid_item kt_item_fade_in kad_gallery_fade_in gallery_item\"><a href=\"https:\/\/polititzacionsdelmalestar.org\/wp-content\/uploads\/2018\/01\/imatge-05.jpg\" data-rel=\"lightbox\" class=\"lightboxhover\"><div class=\"kt-intrinsic\" style=\"padding-bottom:100%;\"><div itemprop=\"image\" itemscope itemtype=\"https:\/\/schema.org\/ImageObject\"><img loading=\"lazy\" decoding=\"async\" width=\"560\" height=\"560\" src=\"https:\/\/polititzacionsdelmalestar.org\/wp-content\/uploads\/2018\/01\/imatge-05-560x560.jpg\" srcset=\"https:\/\/polititzacionsdelmalestar.org\/wp-content\/uploads\/2018\/01\/imatge-05-560x560.jpg 560w, https:\/\/polititzacionsdelmalestar.org\/wp-content\/uploads\/2018\/01\/imatge-05-150x150.jpg 150w\" sizes=\"auto, (max-width: 560px) 100vw, 560px\" data-caption=\"Nora Ancarola, Estrat\u00e8gies de superviv\u00e8ncia I, 2016.\" class=\"light-dropshaddow\" itemprop=\"contentUrl\" alt=\"Exposici\u00f3. Optimitzaci\u00f3 combinat\u00f2ria: estrat\u00e8gies transformadores\"><meta itemprop=\"url\" content=\"https:\/\/polititzacionsdelmalestar.org\/wp-content\/uploads\/2018\/01\/imatge-05-560x560.jpg\"><meta itemprop=\"width\" content=\"560px\"><meta itemprop=\"height\" content=\"560px\"><\/div><\/div><div class=\"caption kad_caption\"><div class=\"kad_caption_inner\">Nora Ancarola, Estrat\u00e8gies de superviv\u00e8ncia I, 2016.<\/div><\/div><\/a><\/div><\/div><div class=\"tcol-lg-12 tcol-md-12 tcol-sm-12 tcol-xs-12 tcol-ss-12 g_item\"><div class=\"grid_item kt_item_fade_in kad_gallery_fade_in gallery_item\"><a href=\"https:\/\/polititzacionsdelmalestar.org\/wp-content\/uploads\/2018\/01\/imatge-06.jpg\" data-rel=\"lightbox\" class=\"lightboxhover\"><div class=\"kt-intrinsic\" style=\"padding-bottom:66.625%;\"><div itemprop=\"image\" itemscope itemtype=\"https:\/\/schema.org\/ImageObject\"><img loading=\"lazy\" decoding=\"async\" width=\"800\" height=\"533\" src=\"https:\/\/polititzacionsdelmalestar.org\/wp-content\/uploads\/2018\/01\/imatge-06.jpg\" srcset=\"https:\/\/polititzacionsdelmalestar.org\/wp-content\/uploads\/2018\/01\/imatge-06.jpg 800w, https:\/\/polititzacionsdelmalestar.org\/wp-content\/uploads\/2018\/01\/imatge-06-300x200.jpg 300w, https:\/\/polititzacionsdelmalestar.org\/wp-content\/uploads\/2018\/01\/imatge-06-768x512.jpg 768w, https:\/\/polititzacionsdelmalestar.org\/wp-content\/uploads\/2018\/01\/imatge-06-272x182.jpg 272w\" sizes=\"auto, (max-width: 800px) 100vw, 800px\" data-caption=\"Nora Ancarola, Estrat\u00e8gies de superviv\u00e8ncia II, 2016\" class=\"light-dropshaddow\" itemprop=\"contentUrl\" alt=\"Exposici\u00f3. Optimitzaci\u00f3 combinat\u00f2ria: estrat\u00e8gies transformadores\"><meta itemprop=\"url\" content=\"https:\/\/polititzacionsdelmalestar.org\/wp-content\/uploads\/2018\/01\/imatge-06.jpg\"><meta itemprop=\"width\" content=\"800px\"><meta itemprop=\"height\" content=\"533px\"><\/div><\/div><div class=\"caption kad_caption\"><div class=\"kad_caption_inner\">Nora Ancarola, Estrat\u00e8gies de superviv\u00e8ncia II, 2016<\/div><\/div><\/a><\/div><\/div><div class=\"tcol-lg-12 tcol-md-12 tcol-sm-12 tcol-xs-12 tcol-ss-12 g_item\"><div class=\"grid_item kt_item_fade_in kad_gallery_fade_in gallery_item\"><a href=\"https:\/\/polititzacionsdelmalestar.org\/wp-content\/uploads\/2018\/01\/imatge-07.jpg\" data-rel=\"lightbox\" class=\"lightboxhover\"><div class=\"kt-intrinsic\" style=\"padding-bottom:100%;\"><div itemprop=\"image\" itemscope itemtype=\"https:\/\/schema.org\/ImageObject\"><img loading=\"lazy\" decoding=\"async\" width=\"560\" height=\"560\" src=\"https:\/\/polititzacionsdelmalestar.org\/wp-content\/uploads\/2018\/01\/imatge-07-560x560.jpg\" srcset=\"https:\/\/polititzacionsdelmalestar.org\/wp-content\/uploads\/2018\/01\/imatge-07-560x560.jpg 560w, https:\/\/polititzacionsdelmalestar.org\/wp-content\/uploads\/2018\/01\/imatge-07-150x150.jpg 150w\" sizes=\"auto, (max-width: 560px) 100vw, 560px\" data-caption=\"Nora Ancarola, Estrat\u00e8gies de superviv\u00e8ncia II, 2016. Detall\" class=\"light-dropshaddow\" itemprop=\"contentUrl\" alt=\"Exposici\u00f3. Optimitzaci\u00f3 combinat\u00f2ria: estrat\u00e8gies transformadores\"><meta itemprop=\"url\" content=\"https:\/\/polititzacionsdelmalestar.org\/wp-content\/uploads\/2018\/01\/imatge-07-560x560.jpg\"><meta itemprop=\"width\" content=\"560px\"><meta itemprop=\"height\" content=\"560px\"><\/div><\/div><div class=\"caption kad_caption\"><div class=\"kad_caption_inner\">Nora Ancarola, Estrat\u00e8gies de superviv\u00e8ncia II, 2016. Detall<\/div><\/div><\/a><\/div><\/div><\/div><\/div><\/div><\/div><\/div>","protected":false},"excerpt":{"rendered":"<p>Optimizaci\u00f3n combinatoria: estrategias transformadoras Optimizaci\u00f3n combinatoria: estrategias transformadoras es un trabajo de Ulla Blanca Lima y Nora Ancarola, con la colaboraci\u00f3n de Xavi Sert y Let\u00edcia Rodr\u00edguez en el proyecto educativo. Ulla Blanca Lima y Nora &hellip; <a class=\"kt-excerpt-readmore\" href=\"https:\/\/polititzacionsdelmalestar.org\/es\/activitats\/optimitzacio-combinatoria\/\" aria-label=\"Optimitzaci\u00f3n combinatoria\">Leer m&aacute;s<\/a><\/p>\n","protected":false},"author":6,"featured_media":0,"parent":3408,"menu_order":0,"comment_status":"closed","ping_status":"closed","template":"page-sidebar.php","meta":{"footnotes":""},"class_list":["post-3483","page","type-page","status-publish","hentry"],"_links":{"self":[{"href":"https:\/\/polititzacionsdelmalestar.org\/es\/wp-json\/wp\/v2\/pages\/3483","targetHints":{"allow":["GET"]}}],"collection":[{"href":"https:\/\/polititzacionsdelmalestar.org\/es\/wp-json\/wp\/v2\/pages"}],"about":[{"href":"https:\/\/polititzacionsdelmalestar.org\/es\/wp-json\/wp\/v2\/types\/page"}],"author":[{"embeddable":true,"href":"https:\/\/polititzacionsdelmalestar.org\/es\/wp-json\/wp\/v2\/users\/6"}],"replies":[{"embeddable":true,"href":"https:\/\/polititzacionsdelmalestar.org\/es\/wp-json\/wp\/v2\/comments?post=3483"}],"version-history":[{"count":11,"href":"https:\/\/polititzacionsdelmalestar.org\/es\/wp-json\/wp\/v2\/pages\/3483\/revisions"}],"predecessor-version":[{"id":9234,"href":"https:\/\/polititzacionsdelmalestar.org\/es\/wp-json\/wp\/v2\/pages\/3483\/revisions\/9234"}],"up":[{"embeddable":true,"href":"https:\/\/polititzacionsdelmalestar.org\/es\/wp-json\/wp\/v2\/pages\/3408"}],"wp:attachment":[{"href":"https:\/\/polititzacionsdelmalestar.org\/es\/wp-json\/wp\/v2\/media?parent=3483"}],"curies":[{"name":"wp","href":"https:\/\/api.w.org\/{rel}","templated":true}]}}